{"id":4063,"date":"2024-01-10T14:08:37","date_gmt":"2024-01-10T12:08:37","guid":{"rendered":"https:\/\/www.leipomorosten.fi\/tuotteet\/rosten-jul-wienerbrod-60g-los\/"},"modified":"2026-04-26T07:30:29","modified_gmt":"2026-04-26T04:30:29","slug":"rosten-jul-wienerbrod-60g-los","status":"publish","type":"product","link":"https:\/\/www.leipomorosten.fi\/sv\/tuote\/rosten-jul-wienerbrod-60g-los\/","title":{"rendered":"Rosten Jul wienerbr\u00f6d 60g, l\u00f6s"},"content":{"rendered":"","protected":false},"excerpt":{"rendered":"<p>En smakrik wienerbr\u00f6d med h\u00e4rlig smak av pistage och plommon.<\/p>\n","protected":false},"featured_media":23349,"template":"","meta":[],"product_brand":[],"product_cat":[579,593,595],"product_tag":[],"class_list":{"0":"post-4063","1":"product","2":"type-product","3":"status-publish","4":"has-post-thumbnail","6":"product_cat-fikabrod-kex-och-kakor","7":"product_cat-sasongsprodukter","8":"product_cat-september-december","10":"first","11":"instock","12":"shipping-taxable","13":"product-type-simple"},"_links":{"self":[{"href":"https:\/\/www.leipomorosten.fi\/sv\/wp-json\/wp\/v2\/product\/4063","targetHints":{"allow":["GET"]}}],"collection":[{"href":"https:\/\/www.leipomorosten.fi\/sv\/wp-json\/wp\/v2\/product"}],"about":[{"href":"https:\/\/www.leipomorosten.fi\/sv\/wp-json\/wp\/v2\/types\/product"}],"wp:featuredmedia":[{"embeddable":true,"href":"https:\/\/www.leipomorosten.fi\/sv\/wp-json\/wp\/v2\/media\/23349"}],"wp:attachment":[{"href":"https:\/\/www.leipomorosten.fi\/sv\/wp-json\/wp\/v2\/media?parent=4063"}],"wp:term":[{"taxonomy":"product_brand","embeddable":true,"href":"https:\/\/www.leipomorosten.fi\/sv\/wp-json\/wp\/v2\/product_brand?post=4063"},{"taxonomy":"product_cat","embeddable":true,"href":"https:\/\/www.leipomorosten.fi\/sv\/wp-json\/wp\/v2\/product_cat?post=4063"},{"taxonomy":"product_tag","embeddable":true,"href":"https:\/\/www.leipomorosten.fi\/sv\/wp-json\/wp\/v2\/product_tag?post=4063"}],"curies":[{"name":"wp","href":"https:\/\/api.w.org\/{rel}","templated":true}]}}