{"id":4077,"date":"2024-01-10T14:08:34","date_gmt":"2024-01-10T12:08:34","guid":{"rendered":"https:\/\/www.leipomorosten.fi\/tuotteet\/rosten-pikku-linnapitko-400g-russinlangd\/"},"modified":"2026-05-01T07:30:29","modified_gmt":"2026-05-01T04:30:29","slug":"rosten-pikku-linnapitko-400g-russinlangd","status":"publish","type":"product","link":"https:\/\/www.leipomorosten.fi\/sv\/tuote\/rosten-pikku-linnapitko-400g-russinlangd\/","title":{"rendered":"Rosten Pikku-Linnapitko 400g russinl\u00e4ngd"},"content":{"rendered":"","protected":false},"excerpt":{"rendered":"<p>Pikku-Linnapitko \u00e4r en saftig och handrullad russinbullel\u00e4ngd, bakad enligt det traditionella bullreceptet. Bakad med 100 % inhemskt vete.<\/p>\n","protected":false},"featured_media":23469,"template":"","meta":[],"product_brand":[],"product_cat":[579,587],"product_tag":[],"class_list":{"0":"post-4077","1":"product","2":"type-product","3":"status-publish","4":"has-post-thumbnail","6":"product_cat-fikabrod-kex-och-kakor","7":"product_cat-langder","9":"first","10":"instock","11":"shipping-taxable","12":"product-type-simple"},"_links":{"self":[{"href":"https:\/\/www.leipomorosten.fi\/sv\/wp-json\/wp\/v2\/product\/4077","targetHints":{"allow":["GET"]}}],"collection":[{"href":"https:\/\/www.leipomorosten.fi\/sv\/wp-json\/wp\/v2\/product"}],"about":[{"href":"https:\/\/www.leipomorosten.fi\/sv\/wp-json\/wp\/v2\/types\/product"}],"wp:featuredmedia":[{"embeddable":true,"href":"https:\/\/www.leipomorosten.fi\/sv\/wp-json\/wp\/v2\/media\/23469"}],"wp:attachment":[{"href":"https:\/\/www.leipomorosten.fi\/sv\/wp-json\/wp\/v2\/media?parent=4077"}],"wp:term":[{"taxonomy":"product_brand","embeddable":true,"href":"https:\/\/www.leipomorosten.fi\/sv\/wp-json\/wp\/v2\/product_brand?post=4077"},{"taxonomy":"product_cat","embeddable":true,"href":"https:\/\/www.leipomorosten.fi\/sv\/wp-json\/wp\/v2\/product_cat?post=4077"},{"taxonomy":"product_tag","embeddable":true,"href":"https:\/\/www.leipomorosten.fi\/sv\/wp-json\/wp\/v2\/product_tag?post=4077"}],"curies":[{"name":"wp","href":"https:\/\/api.w.org\/{rel}","templated":true}]}}