{"id":4251,"date":"2024-01-10T14:08:28","date_gmt":"2024-01-10T12:08:28","guid":{"rendered":"https:\/\/www.leipomorosten.fi\/tuotteet\/rosten-glutenfri-runebergstarta-2-st-240g-bakelse\/"},"modified":"2026-04-26T07:30:32","modified_gmt":"2026-04-26T04:30:32","slug":"rosten-glutenfri-runebergstarta-2-st-240g-bakelse","status":"publish","type":"product","link":"https:\/\/www.leipomorosten.fi\/sv\/tuote\/rosten-glutenfri-runebergstarta-2-st-240g-bakelse\/","title":{"rendered":"Rosten glutenfri Runebergst\u00e5rta 2 st 240g bakelse"},"content":{"rendered":"","protected":false},"excerpt":{"rendered":"<p>En l\u00e4cker klassisk bakelse nu \u00e4ven glutenfri. F\u00f6rvarad fryst.<\/p>\n","protected":false},"featured_media":27278,"template":"","meta":[],"product_brand":[],"product_cat":[579,597,593],"product_tag":[],"class_list":{"0":"post-4251","1":"product","2":"type-product","3":"status-publish","4":"has-post-thumbnail","6":"product_cat-fikabrod-kex-och-kakor","7":"product_cat-januari-april","8":"product_cat-sasongsprodukter","10":"first","11":"instock","12":"shipping-taxable","13":"product-type-simple"},"_links":{"self":[{"href":"https:\/\/www.leipomorosten.fi\/sv\/wp-json\/wp\/v2\/product\/4251","targetHints":{"allow":["GET"]}}],"collection":[{"href":"https:\/\/www.leipomorosten.fi\/sv\/wp-json\/wp\/v2\/product"}],"about":[{"href":"https:\/\/www.leipomorosten.fi\/sv\/wp-json\/wp\/v2\/types\/product"}],"wp:featuredmedia":[{"embeddable":true,"href":"https:\/\/www.leipomorosten.fi\/sv\/wp-json\/wp\/v2\/media\/27278"}],"wp:attachment":[{"href":"https:\/\/www.leipomorosten.fi\/sv\/wp-json\/wp\/v2\/media?parent=4251"}],"wp:term":[{"taxonomy":"product_brand","embeddable":true,"href":"https:\/\/www.leipomorosten.fi\/sv\/wp-json\/wp\/v2\/product_brand?post=4251"},{"taxonomy":"product_cat","embeddable":true,"href":"https:\/\/www.leipomorosten.fi\/sv\/wp-json\/wp\/v2\/product_cat?post=4251"},{"taxonomy":"product_tag","embeddable":true,"href":"https:\/\/www.leipomorosten.fi\/sv\/wp-json\/wp\/v2\/product_tag?post=4251"}],"curies":[{"name":"wp","href":"https:\/\/api.w.org\/{rel}","templated":true}]}}