{"id":4339,"date":"2024-01-10T14:08:27","date_gmt":"2024-01-10T12:08:27","guid":{"rendered":"https:\/\/www.leipomorosten.fi\/tuotteet\/rosten-ost-semla-4-st-240-g\/"},"modified":"2026-04-22T07:30:32","modified_gmt":"2026-04-22T04:30:32","slug":"rosten-ost-semla-4-st-240-g","status":"publish","type":"product","link":"https:\/\/www.leipomorosten.fi\/sv\/tuote\/rosten-ost-semla-4-st-240-g\/","title":{"rendered":"Rosten Ost semla 4 st 240 g"},"content":{"rendered":"","protected":false},"excerpt":{"rendered":"<p>Mjuka laktosfria ostbullar med gener\u00f6s ostglasyr, perfekta till vardags och festande. F\u00f6rpackning med 4 stycken. 100 % finskt spannm\u00e5l, en bra k\u00e4lla till fiber.<\/p>\n","protected":false},"featured_media":26688,"template":"","meta":[],"product_brand":[],"product_cat":[653,647],"product_tag":[],"class_list":{"0":"post-4339","1":"product","2":"type-product","3":"status-publish","4":"has-post-thumbnail","6":"product_cat-blandbrod","7":"product_cat-ljust-och-vit-brod","9":"first","10":"instock","11":"shipping-taxable","12":"product-type-simple"},"_links":{"self":[{"href":"https:\/\/www.leipomorosten.fi\/sv\/wp-json\/wp\/v2\/product\/4339","targetHints":{"allow":["GET"]}}],"collection":[{"href":"https:\/\/www.leipomorosten.fi\/sv\/wp-json\/wp\/v2\/product"}],"about":[{"href":"https:\/\/www.leipomorosten.fi\/sv\/wp-json\/wp\/v2\/types\/product"}],"wp:featuredmedia":[{"embeddable":true,"href":"https:\/\/www.leipomorosten.fi\/sv\/wp-json\/wp\/v2\/media\/26688"}],"wp:attachment":[{"href":"https:\/\/www.leipomorosten.fi\/sv\/wp-json\/wp\/v2\/media?parent=4339"}],"wp:term":[{"taxonomy":"product_brand","embeddable":true,"href":"https:\/\/www.leipomorosten.fi\/sv\/wp-json\/wp\/v2\/product_brand?post=4339"},{"taxonomy":"product_cat","embeddable":true,"href":"https:\/\/www.leipomorosten.fi\/sv\/wp-json\/wp\/v2\/product_cat?post=4339"},{"taxonomy":"product_tag","embeddable":true,"href":"https:\/\/www.leipomorosten.fi\/sv\/wp-json\/wp\/v2\/product_tag?post=4339"}],"curies":[{"name":"wp","href":"https:\/\/api.w.org\/{rel}","templated":true}]}}