{"id":4343,"date":"2024-01-10T14:08:26","date_gmt":"2024-01-10T12:08:26","guid":{"rendered":"https:\/\/www.leipomorosten.fi\/tuotteet\/rosten-ostsemla-8-st-480-g\/"},"modified":"2026-04-26T07:30:32","modified_gmt":"2026-04-26T04:30:32","slug":"rosten-ostsemla-8-st-480-g","status":"publish","type":"product","link":"https:\/\/www.leipomorosten.fi\/sv\/tuote\/rosten-ostsemla-8-st-480-g\/","title":{"rendered":"Rosten Ostsemla 8 st 480 g"},"content":{"rendered":"","protected":false},"excerpt":{"rendered":"<p>Mjuka laktosfria ostbullar med gener\u00f6s ostglasyr, perfekta till vardags och festande. F\u00f6rpackning med 8 stycken. 100 % finskt spannm\u00e5l, en bra k\u00e4lla till fiber.<\/p>\n","protected":false},"featured_media":26694,"template":"","meta":[],"product_brand":[],"product_cat":[653,647],"product_tag":[],"class_list":{"0":"post-4343","1":"product","2":"type-product","3":"status-publish","4":"has-post-thumbnail","6":"product_cat-blandbrod","7":"product_cat-ljust-och-vit-brod","9":"first","10":"instock","11":"shipping-taxable","12":"product-type-simple"},"_links":{"self":[{"href":"https:\/\/www.leipomorosten.fi\/sv\/wp-json\/wp\/v2\/product\/4343","targetHints":{"allow":["GET"]}}],"collection":[{"href":"https:\/\/www.leipomorosten.fi\/sv\/wp-json\/wp\/v2\/product"}],"about":[{"href":"https:\/\/www.leipomorosten.fi\/sv\/wp-json\/wp\/v2\/types\/product"}],"wp:featuredmedia":[{"embeddable":true,"href":"https:\/\/www.leipomorosten.fi\/sv\/wp-json\/wp\/v2\/media\/26694"}],"wp:attachment":[{"href":"https:\/\/www.leipomorosten.fi\/sv\/wp-json\/wp\/v2\/media?parent=4343"}],"wp:term":[{"taxonomy":"product_brand","embeddable":true,"href":"https:\/\/www.leipomorosten.fi\/sv\/wp-json\/wp\/v2\/product_brand?post=4343"},{"taxonomy":"product_cat","embeddable":true,"href":"https:\/\/www.leipomorosten.fi\/sv\/wp-json\/wp\/v2\/product_cat?post=4343"},{"taxonomy":"product_tag","embeddable":true,"href":"https:\/\/www.leipomorosten.fi\/sv\/wp-json\/wp\/v2\/product_tag?post=4343"}],"curies":[{"name":"wp","href":"https:\/\/api.w.org\/{rel}","templated":true}]}}