{"id":4351,"date":"2024-01-10T14:08:24","date_gmt":"2024-01-10T12:08:24","guid":{"rendered":"https:\/\/www.leipomorosten.fi\/tuotteet\/rosten-lilla-apple-kanel-wienerbrod-bakad-med-smor-3-st-135-g\/"},"modified":"2026-04-26T07:30:33","modified_gmt":"2026-04-26T04:30:33","slug":"rosten-lilla-apple-kanel-wienerbrod-bakad-med-smor-3-st-135-g","status":"publish","type":"product","link":"https:\/\/www.leipomorosten.fi\/sv\/tuote\/rosten-lilla-apple-kanel-wienerbrod-bakad-med-smor-3-st-135-g\/","title":{"rendered":"Rosten Lilla \u00c4pple kanel wienerbr\u00f6d 3 st 135 g"},"content":{"rendered":"","protected":false},"excerpt":{"rendered":"<p>Sm\u00e5, h\u00e4rliga wienerbr\u00f6d bakade med sm\u00f6r, med smak av \u00e4pple och kanel.<\/p>\n","protected":false},"featured_media":23385,"template":"","meta":[],"product_brand":[],"product_cat":[579,591],"product_tag":[],"class_list":{"0":"post-4351","1":"product","2":"type-product","3":"status-publish","4":"has-post-thumbnail","6":"product_cat-fikabrod-kex-och-kakor","7":"product_cat-wienerbroden","9":"first","10":"instock","11":"shipping-taxable","12":"product-type-simple"},"_links":{"self":[{"href":"https:\/\/www.leipomorosten.fi\/sv\/wp-json\/wp\/v2\/product\/4351","targetHints":{"allow":["GET"]}}],"collection":[{"href":"https:\/\/www.leipomorosten.fi\/sv\/wp-json\/wp\/v2\/product"}],"about":[{"href":"https:\/\/www.leipomorosten.fi\/sv\/wp-json\/wp\/v2\/types\/product"}],"wp:featuredmedia":[{"embeddable":true,"href":"https:\/\/www.leipomorosten.fi\/sv\/wp-json\/wp\/v2\/media\/23385"}],"wp:attachment":[{"href":"https:\/\/www.leipomorosten.fi\/sv\/wp-json\/wp\/v2\/media?parent=4351"}],"wp:term":[{"taxonomy":"product_brand","embeddable":true,"href":"https:\/\/www.leipomorosten.fi\/sv\/wp-json\/wp\/v2\/product_brand?post=4351"},{"taxonomy":"product_cat","embeddable":true,"href":"https:\/\/www.leipomorosten.fi\/sv\/wp-json\/wp\/v2\/product_cat?post=4351"},{"taxonomy":"product_tag","embeddable":true,"href":"https:\/\/www.leipomorosten.fi\/sv\/wp-json\/wp\/v2\/product_tag?post=4351"}],"curies":[{"name":"wp","href":"https:\/\/api.w.org\/{rel}","templated":true}]}}