{"id":4475,"date":"2024-01-10T14:08:12","date_gmt":"2024-01-10T12:08:12","guid":{"rendered":"https:\/\/www.leipomorosten.fi\/tuotteet\/rosten-morotsemla-5st-350g-flerkornsemla\/"},"modified":"2026-04-26T07:30:38","modified_gmt":"2026-04-26T04:30:38","slug":"rosten-morotsemla-5st-350g-flerkornsemla","status":"publish","type":"product","link":"https:\/\/www.leipomorosten.fi\/sv\/tuote\/rosten-morotsemla-5st-350g-flerkornsemla\/","title":{"rendered":"Rosten Morotsemla 5st 350g flerkornsemla"},"content":{"rendered":"","protected":false},"excerpt":{"rendered":"<p>Ett mjukt flerkornsemla rikt p\u00e5 fiber och protein, inneh\u00e5llande 17 % mor\u00f6tter och dessutom laktosfritt.<\/p>\n","protected":false},"featured_media":27400,"template":"","meta":[],"product_brand":[],"product_cat":[653,647],"product_tag":[],"class_list":{"0":"post-4475","1":"product","2":"type-product","3":"status-publish","4":"has-post-thumbnail","6":"product_cat-blandbrod","7":"product_cat-ljust-och-vit-brod","9":"first","10":"instock","11":"shipping-taxable","12":"product-type-simple"},"_links":{"self":[{"href":"https:\/\/www.leipomorosten.fi\/sv\/wp-json\/wp\/v2\/product\/4475","targetHints":{"allow":["GET"]}}],"collection":[{"href":"https:\/\/www.leipomorosten.fi\/sv\/wp-json\/wp\/v2\/product"}],"about":[{"href":"https:\/\/www.leipomorosten.fi\/sv\/wp-json\/wp\/v2\/types\/product"}],"wp:featuredmedia":[{"embeddable":true,"href":"https:\/\/www.leipomorosten.fi\/sv\/wp-json\/wp\/v2\/media\/27400"}],"wp:attachment":[{"href":"https:\/\/www.leipomorosten.fi\/sv\/wp-json\/wp\/v2\/media?parent=4475"}],"wp:term":[{"taxonomy":"product_brand","embeddable":true,"href":"https:\/\/www.leipomorosten.fi\/sv\/wp-json\/wp\/v2\/product_brand?post=4475"},{"taxonomy":"product_cat","embeddable":true,"href":"https:\/\/www.leipomorosten.fi\/sv\/wp-json\/wp\/v2\/product_cat?post=4475"},{"taxonomy":"product_tag","embeddable":true,"href":"https:\/\/www.leipomorosten.fi\/sv\/wp-json\/wp\/v2\/product_tag?post=4475"}],"curies":[{"name":"wp","href":"https:\/\/api.w.org\/{rel}","templated":true}]}}