{"id":4553,"date":"2024-01-10T14:08:04","date_gmt":"2024-01-10T12:08:04","guid":{"rendered":"https:\/\/www.leipomorosten.fi\/tuotteet\/rosten-sjalvstandighetsdagen-tarta-160g\/"},"modified":"2024-01-30T15:15:44","modified_gmt":"2024-01-30T13:15:44","slug":"rosten-sjalvstandighetsdagen-tarta-160g","status":"publish","type":"product","link":"https:\/\/www.leipomorosten.fi\/sv\/tuote\/rosten-sjalvstandighetsdagen-tarta-160g\/","title":{"rendered":"Rosten Sj\u00e4lvst\u00e4ndighetsdagen t\u00e5rta 160g"},"content":{"rendered":"","protected":false},"excerpt":{"rendered":"<p>En l\u00e4cker och saftig t\u00e5rta f\u00f6r att fira Sj\u00e4lvst\u00e4ndighetsdag.<\/p>\n","protected":false},"featured_media":5199,"template":"","meta":[],"product_brand":[],"product_cat":[],"product_tag":[],"class_list":{"0":"post-4553","1":"product","2":"type-product","3":"status-publish","4":"has-post-thumbnail","7":"first","8":"instock","9":"shipping-taxable","10":"product-type-simple"},"_links":{"self":[{"href":"https:\/\/www.leipomorosten.fi\/sv\/wp-json\/wp\/v2\/product\/4553","targetHints":{"allow":["GET"]}}],"collection":[{"href":"https:\/\/www.leipomorosten.fi\/sv\/wp-json\/wp\/v2\/product"}],"about":[{"href":"https:\/\/www.leipomorosten.fi\/sv\/wp-json\/wp\/v2\/types\/product"}],"wp:featuredmedia":[{"embeddable":true,"href":"https:\/\/www.leipomorosten.fi\/sv\/wp-json\/wp\/v2\/media\/5199"}],"wp:attachment":[{"href":"https:\/\/www.leipomorosten.fi\/sv\/wp-json\/wp\/v2\/media?parent=4553"}],"wp:term":[{"taxonomy":"product_brand","embeddable":true,"href":"https:\/\/www.leipomorosten.fi\/sv\/wp-json\/wp\/v2\/product_brand?post=4553"},{"taxonomy":"product_cat","embeddable":true,"href":"https:\/\/www.leipomorosten.fi\/sv\/wp-json\/wp\/v2\/product_cat?post=4553"},{"taxonomy":"product_tag","embeddable":true,"href":"https:\/\/www.leipomorosten.fi\/sv\/wp-json\/wp\/v2\/product_tag?post=4553"}],"curies":[{"name":"wp","href":"https:\/\/api.w.org\/{rel}","templated":true}]}}