{"id":4751,"date":"2024-01-10T14:07:50","date_gmt":"2024-01-10T12:07:50","guid":{"rendered":"https:\/\/www.leipomorosten.fi\/tuotteet\/rosten-stor-hallonmunk-4st-380-g\/"},"modified":"2026-04-10T07:30:42","modified_gmt":"2026-04-10T04:30:42","slug":"rosten-stor-hallonmunk-4st-380-g","status":"publish","type":"product","link":"https:\/\/www.leipomorosten.fi\/sv\/tuote\/rosten-stor-hallonmunk-4st-380-g\/","title":{"rendered":"Rosten Stor hallonmunk 4st\/380 g"},"content":{"rendered":"","protected":false},"excerpt":{"rendered":"<p>Nu finns det en stor munk f\u00f6r alla som \u00e4r sugna p\u00e5 n\u00e5got s\u00f6tt. Rostens stora hallonmunk sl\u00e4cker s\u00f6tsuget s\u00e4rskilt n\u00e4r munkens mjuka deg r\u00f6r vid tungan. Fyllningen best\u00e5r av f\u00e4rsk hallonsylt.<\/p>\n","protected":false},"featured_media":23619,"template":"","meta":[],"product_brand":[],"product_cat":[579,585],"product_tag":[],"class_list":{"0":"post-4751","1":"product","2":"type-product","3":"status-publish","4":"has-post-thumbnail","6":"product_cat-fikabrod-kex-och-kakor","7":"product_cat-munkar","9":"first","10":"instock","11":"shipping-taxable","12":"product-type-simple"},"_links":{"self":[{"href":"https:\/\/www.leipomorosten.fi\/sv\/wp-json\/wp\/v2\/product\/4751","targetHints":{"allow":["GET"]}}],"collection":[{"href":"https:\/\/www.leipomorosten.fi\/sv\/wp-json\/wp\/v2\/product"}],"about":[{"href":"https:\/\/www.leipomorosten.fi\/sv\/wp-json\/wp\/v2\/types\/product"}],"wp:featuredmedia":[{"embeddable":true,"href":"https:\/\/www.leipomorosten.fi\/sv\/wp-json\/wp\/v2\/media\/23619"}],"wp:attachment":[{"href":"https:\/\/www.leipomorosten.fi\/sv\/wp-json\/wp\/v2\/media?parent=4751"}],"wp:term":[{"taxonomy":"product_brand","embeddable":true,"href":"https:\/\/www.leipomorosten.fi\/sv\/wp-json\/wp\/v2\/product_brand?post=4751"},{"taxonomy":"product_cat","embeddable":true,"href":"https:\/\/www.leipomorosten.fi\/sv\/wp-json\/wp\/v2\/product_cat?post=4751"},{"taxonomy":"product_tag","embeddable":true,"href":"https:\/\/www.leipomorosten.fi\/sv\/wp-json\/wp\/v2\/product_tag?post=4751"}],"curies":[{"name":"wp","href":"https:\/\/api.w.org\/{rel}","templated":true}]}}