{"id":4755,"date":"2024-01-10T14:07:49","date_gmt":"2024-01-10T12:07:49","guid":{"rendered":"https:\/\/www.leipomorosten.fi\/tuotteet\/rosten-jordgubbs-vanilj-langt-370-g\/"},"modified":"2026-04-15T07:30:43","modified_gmt":"2026-04-15T04:30:43","slug":"rosten-jordgubbs-vanilj-langt-370-g","status":"publish","type":"product","link":"https:\/\/www.leipomorosten.fi\/sv\/tuote\/rosten-jordgubbs-vanilj-langt-370-g\/","title":{"rendered":"Rosten Jordgubbs-vanilj l\u00e5ngt 370 g"},"content":{"rendered":"","protected":false},"excerpt":{"rendered":"<p>Den ljuva drottningen av l\u00e5ngbr\u00f6d. Den klassiska smakkombinationen av jordgubbar och vanilj f\u00e5r verkligen denna l\u00e4ngd att f\u00f6rsvinna fr\u00e5n kaffebordet p\u00e5 nolltid.<\/p>\n","protected":false},"featured_media":23631,"template":"","meta":[],"product_brand":[],"product_cat":[579,587],"product_tag":[],"class_list":{"0":"post-4755","1":"product","2":"type-product","3":"status-publish","4":"has-post-thumbnail","6":"product_cat-fikabrod-kex-och-kakor","7":"product_cat-langder","9":"first","10":"instock","11":"shipping-taxable","12":"product-type-simple"},"_links":{"self":[{"href":"https:\/\/www.leipomorosten.fi\/sv\/wp-json\/wp\/v2\/product\/4755","targetHints":{"allow":["GET"]}}],"collection":[{"href":"https:\/\/www.leipomorosten.fi\/sv\/wp-json\/wp\/v2\/product"}],"about":[{"href":"https:\/\/www.leipomorosten.fi\/sv\/wp-json\/wp\/v2\/types\/product"}],"wp:featuredmedia":[{"embeddable":true,"href":"https:\/\/www.leipomorosten.fi\/sv\/wp-json\/wp\/v2\/media\/23631"}],"wp:attachment":[{"href":"https:\/\/www.leipomorosten.fi\/sv\/wp-json\/wp\/v2\/media?parent=4755"}],"wp:term":[{"taxonomy":"product_brand","embeddable":true,"href":"https:\/\/www.leipomorosten.fi\/sv\/wp-json\/wp\/v2\/product_brand?post=4755"},{"taxonomy":"product_cat","embeddable":true,"href":"https:\/\/www.leipomorosten.fi\/sv\/wp-json\/wp\/v2\/product_cat?post=4755"},{"taxonomy":"product_tag","embeddable":true,"href":"https:\/\/www.leipomorosten.fi\/sv\/wp-json\/wp\/v2\/product_tag?post=4755"}],"curies":[{"name":"wp","href":"https:\/\/api.w.org\/{rel}","templated":true}]}}