{"id":4759,"date":"2024-01-10T14:07:48","date_gmt":"2024-01-10T12:07:48","guid":{"rendered":"https:\/\/www.leipomorosten.fi\/tuotteet\/rosten-smorbulle-langd-300-g\/"},"modified":"2026-04-26T07:30:44","modified_gmt":"2026-04-26T04:30:44","slug":"rosten-smorbulle-langd-300-g","status":"publish","type":"product","link":"https:\/\/www.leipomorosten.fi\/sv\/tuote\/rosten-smorbulle-langd-300-g\/","title":{"rendered":"Rosten Sm\u00f6rbulle l\u00e4ngd 300 g"},"content":{"rendered":"","protected":false},"excerpt":{"rendered":"<p>Finns det n\u00e5got som sl\u00e5r en sm\u00f6rbulle? Jo, en saftig sm\u00f6rbulle l\u00e4ngd, vars sockrade sm\u00f6rkr\u00e4m f\u00f6rf\u00f6r allt fr\u00e5n blivande sv\u00e4rson till farfar.<\/p>\n","protected":false},"featured_media":23637,"template":"","meta":[],"product_brand":[],"product_cat":[579,587],"product_tag":[],"class_list":{"0":"post-4759","1":"product","2":"type-product","3":"status-publish","4":"has-post-thumbnail","6":"product_cat-fikabrod-kex-och-kakor","7":"product_cat-langder","9":"first","10":"instock","11":"shipping-taxable","12":"product-type-simple"},"_links":{"self":[{"href":"https:\/\/www.leipomorosten.fi\/sv\/wp-json\/wp\/v2\/product\/4759","targetHints":{"allow":["GET"]}}],"collection":[{"href":"https:\/\/www.leipomorosten.fi\/sv\/wp-json\/wp\/v2\/product"}],"about":[{"href":"https:\/\/www.leipomorosten.fi\/sv\/wp-json\/wp\/v2\/types\/product"}],"wp:featuredmedia":[{"embeddable":true,"href":"https:\/\/www.leipomorosten.fi\/sv\/wp-json\/wp\/v2\/media\/23637"}],"wp:attachment":[{"href":"https:\/\/www.leipomorosten.fi\/sv\/wp-json\/wp\/v2\/media?parent=4759"}],"wp:term":[{"taxonomy":"product_brand","embeddable":true,"href":"https:\/\/www.leipomorosten.fi\/sv\/wp-json\/wp\/v2\/product_brand?post=4759"},{"taxonomy":"product_cat","embeddable":true,"href":"https:\/\/www.leipomorosten.fi\/sv\/wp-json\/wp\/v2\/product_cat?post=4759"},{"taxonomy":"product_tag","embeddable":true,"href":"https:\/\/www.leipomorosten.fi\/sv\/wp-json\/wp\/v2\/product_tag?post=4759"}],"curies":[{"name":"wp","href":"https:\/\/api.w.org\/{rel}","templated":true}]}}