{"id":4835,"date":"2024-01-10T14:07:48","date_gmt":"2024-01-10T12:07:48","guid":{"rendered":"https:\/\/www.leipomorosten.fi\/tuotteet\/rosten-biskopsmunk-2-st-220-g\/"},"modified":"2026-04-26T07:30:44","modified_gmt":"2026-04-26T04:30:44","slug":"rosten-biskopsmunk-2-st-220-g","status":"publish","type":"product","link":"https:\/\/www.leipomorosten.fi\/sv\/tuote\/rosten-biskopsmunk-2-st-220-g\/","title":{"rendered":"Rosten Biskopsmunk 2 st\/220 g"},"content":{"rendered":"","protected":false},"excerpt":{"rendered":"<p>Det kallas Biskopsmunk i \u00c5bo, inte Berlinsmunk. Rostens version \u00e4r en gener\u00f6s munk p\u00e5 110 gram med blank pomadaglasyr.<\/p>\n","protected":false},"featured_media":27523,"template":"","meta":[],"product_brand":[],"product_cat":[579,585],"product_tag":[],"class_list":{"0":"post-4835","1":"product","2":"type-product","3":"status-publish","4":"has-post-thumbnail","6":"product_cat-fikabrod-kex-och-kakor","7":"product_cat-munkar","9":"first","10":"instock","11":"shipping-taxable","12":"product-type-simple"},"_links":{"self":[{"href":"https:\/\/www.leipomorosten.fi\/sv\/wp-json\/wp\/v2\/product\/4835","targetHints":{"allow":["GET"]}}],"collection":[{"href":"https:\/\/www.leipomorosten.fi\/sv\/wp-json\/wp\/v2\/product"}],"about":[{"href":"https:\/\/www.leipomorosten.fi\/sv\/wp-json\/wp\/v2\/types\/product"}],"wp:featuredmedia":[{"embeddable":true,"href":"https:\/\/www.leipomorosten.fi\/sv\/wp-json\/wp\/v2\/media\/27523"}],"wp:attachment":[{"href":"https:\/\/www.leipomorosten.fi\/sv\/wp-json\/wp\/v2\/media?parent=4835"}],"wp:term":[{"taxonomy":"product_brand","embeddable":true,"href":"https:\/\/www.leipomorosten.fi\/sv\/wp-json\/wp\/v2\/product_brand?post=4835"},{"taxonomy":"product_cat","embeddable":true,"href":"https:\/\/www.leipomorosten.fi\/sv\/wp-json\/wp\/v2\/product_cat?post=4835"},{"taxonomy":"product_tag","embeddable":true,"href":"https:\/\/www.leipomorosten.fi\/sv\/wp-json\/wp\/v2\/product_tag?post=4835"}],"curies":[{"name":"wp","href":"https:\/\/api.w.org\/{rel}","templated":true}]}}