{"id":4855,"date":"2024-01-10T14:07:43","date_gmt":"2024-01-10T12:07:43","guid":{"rendered":"https:\/\/www.leipomorosten.fi\/tuotteet\/rosten-tunn-ragbrod-bitar-6-st-225-g\/"},"modified":"2026-04-26T07:30:43","modified_gmt":"2026-04-26T04:30:43","slug":"rosten-tunn-ragbrod-bitar-6-st-225-g","status":"publish","type":"product","link":"https:\/\/www.leipomorosten.fi\/sv\/tuote\/rosten-tunn-ragbrod-bitar-6-st-225-g\/","title":{"rendered":"Rosten Tunn R\u00e5gbr\u00f6d bitar 6 st\/225 g"},"content":{"rendered":"","protected":false},"excerpt":{"rendered":"<p>Tunt r\u00e5gbr\u00f6d med finsk smak. Bakat med r\u00e5gsurdegsdeg f\u00f6r en l\u00e4mpligt seg vardagsr\u00e5g. 60 % av br\u00f6det \u00e4r finsk fullkornsr\u00e5g. 80 % av br\u00f6dets spannm\u00e5l \u00e4r finsk r\u00e5g. 100 % finskt spannm\u00e5l.<\/p>\n","protected":false},"featured_media":26567,"template":"","meta":[],"product_brand":[],"product_cat":[625,619,609],"product_tag":[],"class_list":{"0":"post-4855","1":"product","2":"type-product","3":"status-publish","4":"has-post-thumbnail","6":"product_cat-bitar","7":"product_cat-morkt-brod","8":"product_cat-tunna","10":"first","11":"instock","12":"shipping-taxable","13":"product-type-simple"},"_links":{"self":[{"href":"https:\/\/www.leipomorosten.fi\/sv\/wp-json\/wp\/v2\/product\/4855","targetHints":{"allow":["GET"]}}],"collection":[{"href":"https:\/\/www.leipomorosten.fi\/sv\/wp-json\/wp\/v2\/product"}],"about":[{"href":"https:\/\/www.leipomorosten.fi\/sv\/wp-json\/wp\/v2\/types\/product"}],"wp:featuredmedia":[{"embeddable":true,"href":"https:\/\/www.leipomorosten.fi\/sv\/wp-json\/wp\/v2\/media\/26567"}],"wp:attachment":[{"href":"https:\/\/www.leipomorosten.fi\/sv\/wp-json\/wp\/v2\/media?parent=4855"}],"wp:term":[{"taxonomy":"product_brand","embeddable":true,"href":"https:\/\/www.leipomorosten.fi\/sv\/wp-json\/wp\/v2\/product_brand?post=4855"},{"taxonomy":"product_cat","embeddable":true,"href":"https:\/\/www.leipomorosten.fi\/sv\/wp-json\/wp\/v2\/product_cat?post=4855"},{"taxonomy":"product_tag","embeddable":true,"href":"https:\/\/www.leipomorosten.fi\/sv\/wp-json\/wp\/v2\/product_tag?post=4855"}],"curies":[{"name":"wp","href":"https:\/\/api.w.org\/{rel}","templated":true}]}}