{"id":4935,"date":"2024-01-10T14:07:35","date_gmt":"2024-01-10T12:07:35","guid":{"rendered":"https:\/\/www.leipomorosten.fi\/tuotteet\/rosten-vikat-joltarta-3-st-210-g\/"},"modified":"2024-08-22T16:15:18","modified_gmt":"2024-08-22T13:15:18","slug":"rosten-vikat-joltarta-3-st-210-g","status":"publish","type":"product","link":"https:\/\/www.leipomorosten.fi\/sv\/tuote\/rosten-vikat-joltarta-3-st-210-g\/","title":{"rendered":"Rosten Vikat jolt\u00e5rta 3 st\/210 g"},"content":{"rendered":"","protected":false},"excerpt":{"rendered":"<p>Traditionella finska jult\u00e5rta med plommonmarmelad, men vikat som en ficka och bakat med gr\u00e4dde, som ger den h\u00e4r t\u00e5rta supermjuk smak.<\/p>\n","protected":false},"featured_media":23703,"template":"","meta":[],"product_brand":[],"product_cat":[],"product_tag":[],"class_list":{"0":"post-4935","1":"product","2":"type-product","3":"status-publish","4":"has-post-thumbnail","7":"first","8":"instock","9":"shipping-taxable","10":"product-type-simple"},"_links":{"self":[{"href":"https:\/\/www.leipomorosten.fi\/sv\/wp-json\/wp\/v2\/product\/4935","targetHints":{"allow":["GET"]}}],"collection":[{"href":"https:\/\/www.leipomorosten.fi\/sv\/wp-json\/wp\/v2\/product"}],"about":[{"href":"https:\/\/www.leipomorosten.fi\/sv\/wp-json\/wp\/v2\/types\/product"}],"wp:featuredmedia":[{"embeddable":true,"href":"https:\/\/www.leipomorosten.fi\/sv\/wp-json\/wp\/v2\/media\/23703"}],"wp:attachment":[{"href":"https:\/\/www.leipomorosten.fi\/sv\/wp-json\/wp\/v2\/media?parent=4935"}],"wp:term":[{"taxonomy":"product_brand","embeddable":true,"href":"https:\/\/www.leipomorosten.fi\/sv\/wp-json\/wp\/v2\/product_brand?post=4935"},{"taxonomy":"product_cat","embeddable":true,"href":"https:\/\/www.leipomorosten.fi\/sv\/wp-json\/wp\/v2\/product_cat?post=4935"},{"taxonomy":"product_tag","embeddable":true,"href":"https:\/\/www.leipomorosten.fi\/sv\/wp-json\/wp\/v2\/product_tag?post=4935"}],"curies":[{"name":"wp","href":"https:\/\/api.w.org\/{rel}","templated":true}]}}