{"id":6235,"date":"2024-02-20T13:13:29","date_gmt":"2024-02-20T11:13:29","guid":{"rendered":"https:\/\/www.leipomorosten.fi\/tuotteet\/rosten-fastlagsbulle-jorgubbsfyllning-2-st-220-g-glutenfri\/"},"modified":"2026-04-26T07:30:44","modified_gmt":"2026-04-26T04:30:44","slug":"rosten-fastlagsbulle-jorgubbsfyllning-2-st-220-g-glutenfri","status":"publish","type":"product","link":"https:\/\/www.leipomorosten.fi\/sv\/tuote\/rosten-fastlagsbulle-jorgubbsfyllning-2-st-220-g-glutenfri\/","title":{"rendered":"Rosten Fastlagsbulle jorgubbsfyllning 2 st\/220 g, glutenfri"},"content":{"rendered":"","protected":false},"excerpt":{"rendered":"<p>Rostens glutenfria Fastlagsbullar f\u00f6r syndigt \u00f6verseende, laktosfri och glutenfri! Fylld med jordgubbssylt och gr\u00e4dde.<\/p>\n","protected":false},"featured_media":0,"template":"","meta":[],"product_brand":[],"product_cat":[589,579,597,593],"product_tag":[],"class_list":{"0":"post-6235","1":"product","2":"type-product","3":"status-publish","5":"product_cat-bulle","6":"product_cat-fikabrod-kex-och-kakor","7":"product_cat-januari-april","8":"product_cat-sasongsprodukter","10":"first","11":"instock","12":"shipping-taxable","13":"product-type-simple"},"_links":{"self":[{"href":"https:\/\/www.leipomorosten.fi\/sv\/wp-json\/wp\/v2\/product\/6235","targetHints":{"allow":["GET"]}}],"collection":[{"href":"https:\/\/www.leipomorosten.fi\/sv\/wp-json\/wp\/v2\/product"}],"about":[{"href":"https:\/\/www.leipomorosten.fi\/sv\/wp-json\/wp\/v2\/types\/product"}],"wp:attachment":[{"href":"https:\/\/www.leipomorosten.fi\/sv\/wp-json\/wp\/v2\/media?parent=6235"}],"wp:term":[{"taxonomy":"product_brand","embeddable":true,"href":"https:\/\/www.leipomorosten.fi\/sv\/wp-json\/wp\/v2\/product_brand?post=6235"},{"taxonomy":"product_cat","embeddable":true,"href":"https:\/\/www.leipomorosten.fi\/sv\/wp-json\/wp\/v2\/product_cat?post=6235"},{"taxonomy":"product_tag","embeddable":true,"href":"https:\/\/www.leipomorosten.fi\/sv\/wp-json\/wp\/v2\/product_tag?post=6235"}],"curies":[{"name":"wp","href":"https:\/\/api.w.org\/{rel}","templated":true}]}}